{"id":420,"date":"2025-09-17T11:43:42","date_gmt":"2025-09-17T14:43:42","guid":{"rendered":"https:\/\/www.mphengenharia.com.br\/?page_id=420"},"modified":"2026-03-24T16:24:39","modified_gmt":"2026-03-24T19:24:39","slug":"atuacao","status":"publish","type":"page","link":"https:\/\/www.mphengenharia.com.br\/?page_id=420","title":{"rendered":"Atua\u00e7\u00e3o"},"content":{"rendered":"\t\t<div data-elementor-type=\"wp-page\" data-elementor-id=\"420\" class=\"elementor elementor-420\">\n\t\t\t\t\t\t<section class=\"elementor-section elementor-top-section elementor-element elementor-element-6271acb elementor-section-full_width elementor-section-height-default elementor-section-height-default\" data-id=\"6271acb\" data-element_type=\"section\" data-e-type=\"section\" data-settings=\"{&quot;background_background&quot;:&quot;classic&quot;}\">\n\t\t\t\t\t\t<div class=\"elementor-container elementor-column-gap-default\">\n\t\t\t\t\t<div class=\"elementor-column elementor-col-100 elementor-top-column elementor-element elementor-element-44ffe9b\" data-id=\"44ffe9b\" data-element_type=\"column\" data-e-type=\"column\">\n\t\t\t<div class=\"elementor-widget-wrap elementor-element-populated\">\n\t\t\t\t\t\t<div class=\"elementor-element elementor-element-3427382 elementor-widget elementor-widget-heading\" data-id=\"3427382\" data-element_type=\"widget\" data-e-type=\"widget\" data-widget_type=\"heading.default\">\n\t\t\t\t\t<h2 class=\"elementor-heading-title elementor-size-default\">| ATUA\u00c7\u00c3O<\/h2>\t\t\t\t<\/div>\n\t\t\t\t\t<\/div>\n\t\t<\/div>\n\t\t\t\t\t<\/div>\n\t\t<\/section>\n\t\t<div class=\"elementor-element elementor-element-357ac6d e-flex e-con-boxed e-con e-parent\" data-id=\"357ac6d\" data-element_type=\"container\" data-e-type=\"container\">\n\t\t\t\t\t<div class=\"e-con-inner\">\n\t\t\t\t<div class=\"elementor-element elementor-element-ead0928 elementor-widget elementor-widget-spacer\" data-id=\"ead0928\" data-element_type=\"widget\" data-e-type=\"widget\" data-widget_type=\"spacer.default\">\n\t\t\t\t\t\t\t<div class=\"elementor-spacer\">\n\t\t\t<div class=\"elementor-spacer-inner\"><\/div>\n\t\t<\/div>\n\t\t\t\t\t\t<\/div>\n\t\t<div class=\"elementor-element elementor-element-7c9b21b e-con-full e-flex e-con e-child\" data-id=\"7c9b21b\" data-element_type=\"container\" data-e-type=\"container\">\n\t\t\t\t<div class=\"elementor-element elementor-element-9837fc0 elementor-widget elementor-widget-heading\" data-id=\"9837fc0\" data-element_type=\"widget\" data-e-type=\"widget\" data-widget_type=\"heading.default\">\n\t\t\t\t\t<h2 class=\"elementor-heading-title elementor-size-default\">EXECU\u00c7\u00c3O DE OBRAS<\/h2>\t\t\t\t<\/div>\n\t\t\t\t<div class=\"elementor-element elementor-element-b86a14f elementor-widget elementor-widget-text-editor\" data-id=\"b86a14f\" data-element_type=\"widget\" data-e-type=\"widget\" data-widget_type=\"text-editor.default\">\n\t\t\t\t\t\t\t\t\t<p><br \/><span data-slate-node=\"text\"><span class=\"\" data-slate-leaf=\"true\">Conduzimos <\/span><\/span><span data-slate-node=\"text\"><span class=\"font-[600]\" data-slate-leaf=\"true\">obras completas de alto padr\u00e3o<\/span><\/span><span data-slate-node=\"text\"><span class=\"\" data-slate-leaf=\"true\"> com uma abordagem que prioriza a sua tranquilidade.<br \/><\/span><\/span><span data-slate-node=\"text\"><span class=\"\" data-slate-leaf=\"true\">Do planejamento estrat\u00e9gico da <\/span><\/span><span data-slate-node=\"text\"><span class=\"font-[600]\" data-slate-leaf=\"true\">funda\u00e7\u00e3o<\/span><\/span><span data-slate-node=\"text\"><span class=\"\" data-slate-leaf=\"true\"> \u00e0 entrega dos <\/span><\/span><span data-slate-node=\"text\"><span class=\"font-[600]\" data-slate-leaf=\"true\">acabamentos<\/span><\/span><span data-slate-node=\"text\"><span class=\"\" data-slate-leaf=\"true\"> de requinte, nossa <\/span><\/span><span data-slate-node=\"text\"><span class=\"font-[600]\" data-slate-leaf=\"true\">gest\u00e3o de projetos<\/span><\/span><span data-slate-node=\"text\"><span class=\"\" data-slate-leaf=\"true\"> \u00e9 sin\u00f4nimo de efici\u00eancia e transpar\u00eancia.<br \/>Com <\/span><\/span><span data-slate-node=\"text\"><span class=\"font-[600]\" data-slate-leaf=\"true\">rigor t\u00e9cnico<\/span><\/span><span data-slate-node=\"text\"><span class=\"\" data-slate-leaf=\"true\"> e uma equipe altamente qualificada, garantimos a <\/span><\/span><span data-slate-node=\"text\"><span class=\"font-[600]\" data-slate-leaf=\"true\">precis\u00e3o na execu\u00e7\u00e3o<\/span><\/span><span data-slate-node=\"text\"><span class=\"\" data-slate-leaf=\"true\"> de cada etapa, liberando voc\u00ea para focar no que realmente importa.\u00a0<\/span><\/span><\/p>\t\t\t\t\t\t\t\t<\/div>\n\t\t\t\t<div class=\"elementor-element elementor-element-1c8366b elementor-arrows-position-inside elementor-pagination-position-outside elementor-widget elementor-widget-image-carousel\" data-id=\"1c8366b\" data-element_type=\"widget\" data-e-type=\"widget\" data-settings=\"{&quot;slides_to_scroll&quot;:&quot;3&quot;,&quot;slides_to_show_tablet&quot;:&quot;3&quot;,&quot;navigation&quot;:&quot;both&quot;,&quot;autoplay&quot;:&quot;yes&quot;,&quot;pause_on_hover&quot;:&quot;yes&quot;,&quot;pause_on_interaction&quot;:&quot;yes&quot;,&quot;autoplay_speed&quot;:5000,&quot;infinite&quot;:&quot;yes&quot;,&quot;speed&quot;:500}\" data-widget_type=\"image-carousel.default\">\n\t\t\t\t\t\t\t<div class=\"elementor-image-carousel-wrapper swiper\" role=\"region\" aria-roledescription=\"carousel\" aria-label=\"Carrossel de imagens\" dir=\"ltr\">\n\t\t\t<div class=\"elementor-image-carousel swiper-wrapper\" aria-live=\"off\">\n\t\t\t\t\t\t\t\t<div class=\"swiper-slide\" role=\"group\" aria-roledescription=\"slide\" aria-label=\"1 de 3\"><figure class=\"swiper-slide-inner\"><img data-opt-id=1171396122  fetchpriority=\"high\" decoding=\"async\" class=\"swiper-slide-image\" src=\"https:\/\/ml1kbigp4eod.i.optimole.com\/w:800\/h:800\/q:mauto\/ig:avif\/https:\/\/www.mphengenharia.com.br\/wp-content\/uploads\/2025\/09\/20250912_120852977_iOS-scaled-e1770301315380.jpg\" alt=\"20250912_120852977_iOS\" \/><\/figure><\/div><div class=\"swiper-slide\" role=\"group\" aria-roledescription=\"slide\" aria-label=\"2 de 3\"><figure class=\"swiper-slide-inner\"><img data-opt-id=503772228  fetchpriority=\"high\" decoding=\"async\" class=\"swiper-slide-image\" src=\"https:\/\/ml1kbigp4eod.i.optimole.com\/w:800\/h:600\/q:mauto\/ig:avif\/https:\/\/www.mphengenharia.com.br\/wp-content\/uploads\/2025\/09\/MPH_Rua_Escultores-155_169-21-scaled.jpg\" alt=\"MPH_Rua_Escultores, 155_169-21\" \/><\/figure><\/div><div class=\"swiper-slide\" role=\"group\" aria-roledescription=\"slide\" aria-label=\"3 de 3\"><figure class=\"swiper-slide-inner\"><img data-opt-id=401838091  data-opt-src=\"https:\/\/ml1kbigp4eod.i.optimole.com\/w:800\/h:600\/q:mauto\/ig:avif\/https:\/\/www.mphengenharia.com.br\/wp-content\/uploads\/2025\/09\/WhatsApp-Image-2025-02-13-at-11.39.05-1.jpeg\"  decoding=\"async\" class=\"swiper-slide-image\" src=\"data:image/svg+xml,%3Csvg%20viewBox%3D%220%200%20800%20600%22%20width%3D%22800%22%20height%3D%22600%22%20xmlns%3D%22http%3A%2F%2Fwww.w3.org%2F2000%2Fsvg%22%3E%3Crect%20width%3D%22800%22%20height%3D%22600%22%20fill%3D%22transparent%22%2F%3E%3C%2Fsvg%3E\" alt=\"WhatsApp Image 2025-02-13 at 11.39.05 (1)\" \/><\/figure><\/div>\t\t\t<\/div>\n\t\t\t\t\t\t\t\t\t\t\t\t<div class=\"elementor-swiper-button elementor-swiper-button-prev\" role=\"button\" tabindex=\"0\">\n\t\t\t\t\t\t<svg aria-hidden=\"true\" class=\"e-font-icon-svg e-eicon-chevron-left\" viewBox=\"0 0 1000 1000\" xmlns=\"http:\/\/www.w3.org\/2000\/svg\"><path d=\"M646 125C629 125 613 133 604 142L308 442C296 454 292 471 292 487 292 504 296 521 308 533L604 854C617 867 629 875 646 875 663 875 679 871 692 858 704 846 713 829 713 812 713 796 708 779 692 767L438 487 692 225C700 217 708 204 708 187 708 171 704 154 692 142 675 129 663 125 646 125Z\"><\/path><\/svg>\t\t\t\t\t<\/div>\n\t\t\t\t\t<div class=\"elementor-swiper-button elementor-swiper-button-next\" role=\"button\" tabindex=\"0\">\n\t\t\t\t\t\t<svg aria-hidden=\"true\" class=\"e-font-icon-svg e-eicon-chevron-right\" viewBox=\"0 0 1000 1000\" xmlns=\"http:\/\/www.w3.org\/2000\/svg\"><path d=\"M696 533C708 521 713 504 713 487 713 471 708 454 696 446L400 146C388 133 375 125 354 125 338 125 325 129 313 142 300 154 292 171 292 187 292 204 296 221 308 233L563 492 304 771C292 783 288 800 288 817 288 833 296 850 308 863 321 871 338 875 354 875 371 875 388 867 400 854L696 533Z\"><\/path><\/svg>\t\t\t\t\t<\/div>\n\t\t\t\t\n\t\t\t\t\t\t\t\t\t<div class=\"swiper-pagination\"><\/div>\n\t\t\t\t\t\t\t\t\t<\/div>\n\t\t\t\t\t\t<\/div>\n\t\t\t\t<\/div>\n\t\t\t\t<div class=\"elementor-element elementor-element-45d0c29 elementor-widget-divider--view-line elementor-widget elementor-widget-divider\" data-id=\"45d0c29\" data-element_type=\"widget\" data-e-type=\"widget\" data-widget_type=\"divider.default\">\n\t\t\t\t\t\t\t<div class=\"elementor-divider\">\n\t\t\t<span class=\"elementor-divider-separator\">\n\t\t\t\t\t\t<\/span>\n\t\t<\/div>\n\t\t\t\t\t\t<\/div>\n\t\t<div class=\"elementor-element elementor-element-59cc86c e-con-full e-flex e-con e-child\" data-id=\"59cc86c\" data-element_type=\"container\" data-e-type=\"container\">\n\t\t\t\t<div class=\"elementor-element elementor-element-f7ae522 elementor-widget elementor-widget-heading\" data-id=\"f7ae522\" data-element_type=\"widget\" data-e-type=\"widget\" data-widget_type=\"heading.default\">\n\t\t\t\t\t<h2 class=\"elementor-heading-title elementor-size-default\">reformas<\/h2>\t\t\t\t<\/div>\n\t\t\t\t<div class=\"elementor-element elementor-element-0eea5c3 elementor-widget elementor-widget-text-editor\" data-id=\"0eea5c3\" data-element_type=\"widget\" data-e-type=\"widget\" data-widget_type=\"text-editor.default\">\n\t\t\t\t\t\t\t\t\t<p><span data-slate-node=\"text\"><span class=\"\" data-slate-leaf=\"true\">Cada projeto \u00e9 uma <\/span><\/span><span data-slate-node=\"text\"><span class=\"font-[600]\" data-slate-leaf=\"true\">solu\u00e7\u00e3o sob medida<\/span><\/span><span data-slate-node=\"text\"><span class=\"\" data-slate-leaf=\"true\">, concebida para aprimorar a funcionalidade e a est\u00e9tica de ambientes exclusivos, sempre em estrita conformidade com o <\/span><\/span><span data-slate-node=\"text\"><span class=\"font-[600]\" data-slate-leaf=\"true\">projeto arquitet\u00f4nico<\/span><\/span><span data-slate-node=\"text\"><span class=\"\" data-slate-leaf=\"true\"> e as suas expectativas.<br \/>Nossa <\/span><\/span><span data-slate-node=\"text\"><span class=\"font-[600]\" data-slate-leaf=\"true\">gest\u00e3o de projetos de reforma<\/span><\/span><span data-slate-node=\"text\"><span class=\"\" data-slate-leaf=\"true\"> \u00e9 pautada pela transpar\u00eancia e efici\u00eancia, garantindo o controle de <\/span><\/span><span data-slate-node=\"text\"><span class=\"font-[600]\" data-slate-leaf=\"true\">prazos e or\u00e7amentos<\/span><\/span><span data-slate-node=\"text\"><span class=\"\" data-slate-leaf=\"true\"> e a entrega de <\/span><\/span><span data-slate-node=\"text\"><span class=\"font-[600]\" data-slate-leaf=\"true\">acabamentos impec\u00e1veis<\/span><\/span><span data-slate-node=\"text\" data-slate-fragment=\"JTVCJTdCJTIydHlwZSUyMiUzQSUyMnF1b3RlJTIyJTJDJTIyY2hpbGRyZW4lMjIlM0ElNUIlN0IlMjJ0ZXh0JTIyJTNBJTIyQ2FkYSUyMHByb2pldG8lMjAlQzMlQTklMjB1bWElMjAlMjIlN0QlMkMlN0IlMjJ0ZXh0JTIyJTNBJTIyc29sdSVDMyVBNyVDMyVBM28lMjBzb2IlMjBtZWRpZGElMjIlMkMlMjJib2xkJTIyJTNBdHJ1ZSU3RCUyQyU3QiUyMnRleHQlMjIlM0ElMjIlMkMlMjBjb25jZWJpZGElMjBwYXJhJTIwYXByaW1vcmFyJTIwYSUyMGZ1bmNpb25hbGlkYWRlJTIwZSUyMGElMjBlc3QlQzMlQTl0aWNhJTIwZGUlMjBhbWJpZW50ZXMlMjBleGNsdXNpdm9zJTJDJTIwc2VtcHJlJTIwZW0lMjBlc3RyaXRhJTIwY29uZm9ybWlkYWRlJTIwY29tJTIwbyUyMCUyMiU3RCUyQyU3QiUyMnRleHQlMjIlM0ElMjJwcm9qZXRvJTIwYXJxdWl0ZXQlQzMlQjRuaWNvJTIyJTJDJTIyYm9sZCUyMiUzQXRydWUlN0QlMkMlN0IlMjJ0ZXh0JTIyJTNBJTIyJTIwZSUyMGFzJTIwc3VhcyUyMGV4cGVjdGF0aXZhcy4lMjBOb3NzYSUyMCUyMiU3RCUyQyU3QiUyMnRleHQlMjIlM0ElMjJnZXN0JUMzJUEzbyUyMGRlJTIwcHJvamV0b3MlMjBkZSUyMHJlZm9ybWElMjIlMkMlMjJib2xkJTIyJTNBdHJ1ZSU3RCUyQyU3QiUyMnRleHQlMjIlM0ElMjIlMjAlQzMlQTklMjBwYXV0YWRhJTIwcGVsYSUyMHRyYW5zcGFyJUMzJUFBbmNpYSUyMGUlMjBlZmljaSVDMyVBQW5jaWElMkMlMjBnYXJhbnRpbmRvJTIwbyUyMGNvbnRyb2xlJTIwZGUlMjAlMjIlN0QlMkMlN0IlMjJ0ZXh0JTIyJTNBJTIycHJhem9zJTIwZSUyMG9yJUMzJUE3YW1lbnRvcyUyMiUyQyUyMmJvbGQlMjIlM0F0cnVlJTdEJTJDJTdCJTIydGV4dCUyMiUzQSUyMiUyMGUlMjBhJTIwZW50cmVnYSUyMGRlJTIwJTIyJTdEJTJDJTdCJTIydGV4dCUyMiUzQSUyMmFjYWJhbWVudG9zJTIwaW1wZWMlQzMlQTF2ZWlzJTIyJTJDJTIyYm9sZCUyMiUzQXRydWUlN0QlMkMlN0IlMjJ0ZXh0JTIyJTNBJTIyLiUyMENvbmZpZSUyMG5hJTIwbm9zc2ElMjBleHBlcmklQzMlQUFuY2lhJTIwcGFyYSUyMHJldml0YWxpemFyJTIwc2V1JTIwaW0lQzMlQjN2ZWwlMkMlMjBjb20lMjBhJTIwY2VydGV6YSUyMGRlJTIwdW0lMjBpbnZlc3RpbWVudG8lMjBxdWUlMjB2YWxvcml6YSUyMGNhZGElMjBkZXRhbGhlLiUyMiU3RCU1RCU3RCU1RA==\"><span class=\"\" data-slate-leaf=\"true\">.<br \/><\/span><\/span><\/p>\t\t\t\t\t\t\t\t<\/div>\n\t\t<div class=\"elementor-element elementor-element-5d83f0c e-con-full e-flex e-con e-child\" data-id=\"5d83f0c\" data-element_type=\"container\" data-e-type=\"container\">\n\t\t\t\t<div class=\"elementor-element elementor-element-dd9b66c oew-label-horizontal-middle elementor-widget__width-inherit elementor-widget elementor-widget-oew-image-comparison\" data-id=\"dd9b66c\" data-element_type=\"widget\" data-e-type=\"widget\" data-widget_type=\"oew-image-comparison.default\">\n\t\t\t\t<div class=\"elementor-widget-container\">\n\t\t\t\t\t\n\t\t<figure class=\"oew-image-comparison twentytwenty-container\" data-settings='{\"visible_ratio\":0.5,\"orientation\":\"horizontal\",\"before_label\":\"Antes\",\"after_label\":\"Depois\",\"slider_on_hover\":false,\"slider_with_handle\":true,\"slider_with_click\":false,\"no_overlay\":false}'>\n\n\t\t\t<img data-opt-id=1444116113  data-opt-src=\"https:\/\/ml1kbigp4eod.i.optimole.com\/w:1523\/h:1080\/q:mauto\/ig:avif\/https:\/\/www.mphengenharia.com.br\/wp-content\/uploads\/2025\/11\/2-scaled.png\"   decoding=\"async\" width=\"2560\" height=\"1815\" src=\"data:image/svg+xml,%3Csvg%20viewBox%3D%220%200%201523%201080%22%20width%3D%221523%22%20height%3D%221080%22%20xmlns%3D%22http%3A%2F%2Fwww.w3.org%2F2000%2Fsvg%22%3E%3Crect%20width%3D%221523%22%20height%3D%221080%22%20fill%3D%22transparent%22%2F%3E%3C%2Fsvg%3E\" class=\"attachment-full size-full wp-image-2404\" alt=\"\" old-srcset=\"https:\/\/ml1kbigp4eod.i.optimole.com\/w:1523\/h:1080\/q:mauto\/ig:avif\/https:\/\/www.mphengenharia.com.br\/wp-content\/uploads\/2025\/11\/2-scaled.png 2560w, https:\/\/ml1kbigp4eod.i.optimole.com\/w:300\/h:213\/q:mauto\/ig:avif\/https:\/\/www.mphengenharia.com.br\/wp-content\/uploads\/2025\/11\/2-scaled.png 300w, https:\/\/ml1kbigp4eod.i.optimole.com\/w:1024\/h:726\/q:mauto\/ig:avif\/https:\/\/www.mphengenharia.com.br\/wp-content\/uploads\/2025\/11\/2-scaled.png 1024w, https:\/\/ml1kbigp4eod.i.optimole.com\/w:768\/h:545\/q:mauto\/ig:avif\/https:\/\/www.mphengenharia.com.br\/wp-content\/uploads\/2025\/11\/2-scaled.png 768w, https:\/\/ml1kbigp4eod.i.optimole.com\/w:1523\/h:1080\/q:mauto\/ig:avif\/https:\/\/www.mphengenharia.com.br\/wp-content\/uploads\/2025\/11\/2-scaled.png 1536w, https:\/\/ml1kbigp4eod.i.optimole.com\/w:1523\/h:1080\/q:mauto\/ig:avif\/https:\/\/www.mphengenharia.com.br\/wp-content\/uploads\/2025\/11\/2-scaled.png 2048w\" \/><img data-opt-id=1883479665  data-opt-src=\"https:\/\/ml1kbigp4eod.i.optimole.com\/w:1523\/h:1080\/q:mauto\/ig:avif\/https:\/\/www.mphengenharia.com.br\/wp-content\/uploads\/2025\/11\/1-scaled.png\"  decoding=\"async\" src=\"data:image/svg+xml,%3Csvg%20viewBox%3D%220%200%201523%201080%22%20width%3D%221523%22%20height%3D%221080%22%20xmlns%3D%22http%3A%2F%2Fwww.w3.org%2F2000%2Fsvg%22%3E%3Crect%20width%3D%221523%22%20height%3D%221080%22%20fill%3D%22transparent%22%2F%3E%3C%2Fsvg%3E\" title=\"1\" alt=\"1\" loading=\"lazy\" \/>\n\t\t<\/figure>\n\n\t\t\t\t\t\t<\/div>\n\t\t\t\t<\/div>\n\t\t\t\t<\/div>\n\t\t\t\t<div class=\"elementor-element elementor-element-5701bf2 elementor-widget elementor-widget-spacer\" data-id=\"5701bf2\" data-element_type=\"widget\" data-e-type=\"widget\" data-widget_type=\"spacer.default\">\n\t\t\t\t\t\t\t<div class=\"elementor-spacer\">\n\t\t\t<div class=\"elementor-spacer-inner\"><\/div>\n\t\t<\/div>\n\t\t\t\t\t\t<\/div>\n\t\t\t\t<div class=\"elementor-element elementor-element-df38d7b elementor-widget__width-inherit elementor-widget-divider--view-line elementor-widget elementor-widget-divider\" data-id=\"df38d7b\" data-element_type=\"widget\" data-e-type=\"widget\" data-widget_type=\"divider.default\">\n\t\t\t\t\t\t\t<div class=\"elementor-divider\">\n\t\t\t<span class=\"elementor-divider-separator\">\n\t\t\t\t\t\t<\/span>\n\t\t<\/div>\n\t\t\t\t\t\t<\/div>\n\t\t\t\t<\/div>\n\t\t\t\t\t<\/div>\n\t\t\t\t<\/div>\n\t\t\t\t<section class=\"elementor-section elementor-top-section elementor-element elementor-element-d33ffbe elementor-section-boxed elementor-section-height-default elementor-section-height-default\" data-id=\"d33ffbe\" data-element_type=\"section\" data-e-type=\"section\" data-settings=\"{&quot;background_background&quot;:&quot;classic&quot;}\">\n\t\t\t\t\t\t<div class=\"elementor-container elementor-column-gap-default\">\n\t\t\t\t\t<div class=\"elementor-column elementor-col-100 elementor-top-column elementor-element elementor-element-14bb0ed8\" data-id=\"14bb0ed8\" data-element_type=\"column\" data-e-type=\"column\">\n\t\t\t<div class=\"elementor-widget-wrap elementor-element-populated\">\n\t\t\t\t\t\t<div class=\"elementor-element elementor-element-60cb3dc oew-align-center elementor-widget elementor-widget-oew-button-effects\" data-id=\"60cb3dc\" data-element_type=\"widget\" data-e-type=\"widget\" data-widget_type=\"oew-button-effects.default\">\n\t\t\t\t<div class=\"elementor-widget-container\">\n\t\t\t\t\t\n\n\t\t<div class=\"oew-button oew-btn-effect-14\">\n\t\t\t<a href=\"https:\/\/www.mphengenharia.com.br\/?page_id=29\" class=\"oew-link\">\n\t\t\t\t\n\t\t\t\t<span>entre em contato<\/span>\n\n\t\t\t\t\t\t\t<\/a>\n\t\t<\/div>\n\n\t\t\t\t\t\t<\/div>\n\t\t\t\t<\/div>\n\t\t\t\t\t<\/div>\n\t\t<\/div>\n\t\t\t\t\t<\/div>\n\t\t<\/section>\n\t\t\t\t<\/div>\n\t\t","protected":false},"excerpt":{"rendered":"<p>| ATUA\u00c7\u00c3O EXECU\u00c7\u00c3O DE OBRAS Conduzimos obras completas de alto padr\u00e3o com uma abordagem que prioriza a sua tranquilidade.Do planejamento estrat\u00e9gico da funda\u00e7\u00e3o \u00e0 entrega dos acabamentos de requinte, nossa gest\u00e3o de projetos \u00e9 sin\u00f4nimo de efici\u00eancia e transpar\u00eancia.Com rigor t\u00e9cnico e uma equipe altamente qualificada, garantimos a precis\u00e3o na execu\u00e7\u00e3o de cada etapa, liberando [&hellip;]<\/p>\n","protected":false},"author":1,"featured_media":0,"parent":0,"menu_order":0,"comment_status":"closed","ping_status":"closed","template":"elementor_header_footer","meta":{"ocean_post_layout":"","ocean_both_sidebars_style":"","ocean_both_sidebars_content_width":0,"ocean_both_sidebars_sidebars_width":0,"ocean_sidebar":"","ocean_second_sidebar":"","ocean_disable_margins":"enable","ocean_add_body_class":"","ocean_shortcode_before_top_bar":"","ocean_shortcode_after_top_bar":"","ocean_shortcode_before_header":"","ocean_shortcode_after_header":"","ocean_has_shortcode":"","ocean_shortcode_after_title":"","ocean_shortcode_before_footer_widgets":"","ocean_shortcode_after_footer_widgets":"","ocean_shortcode_before_footer_bottom":"","ocean_shortcode_after_footer_bottom":"","ocean_display_top_bar":"off","ocean_display_header":"default","ocean_header_style":"","ocean_center_header_left_menu":"","ocean_custom_header_template":"","ocean_custom_logo":0,"ocean_custom_retina_logo":0,"ocean_custom_logo_max_width":0,"ocean_custom_logo_tablet_max_width":0,"ocean_custom_logo_mobile_max_width":0,"ocean_custom_logo_max_height":0,"ocean_custom_logo_tablet_max_height":0,"ocean_custom_logo_mobile_max_height":0,"ocean_header_custom_menu":"","ocean_menu_typo_font_family":"","ocean_menu_typo_font_subset":"","ocean_menu_typo_font_size":0,"ocean_menu_typo_font_size_tablet":0,"ocean_menu_typo_font_size_mobile":0,"ocean_menu_typo_font_size_unit":"px","ocean_menu_typo_font_weight":"","ocean_menu_typo_font_weight_tablet":"","ocean_menu_typo_font_weight_mobile":"","ocean_menu_typo_transform":"","ocean_menu_typo_transform_tablet":"","ocean_menu_typo_transform_mobile":"","ocean_menu_typo_line_height":0,"ocean_menu_typo_line_height_tablet":0,"ocean_menu_typo_line_height_mobile":0,"ocean_menu_typo_line_height_unit":"","ocean_menu_typo_spacing":0,"ocean_menu_typo_spacing_tablet":0,"ocean_menu_typo_spacing_mobile":0,"ocean_menu_typo_spacing_unit":"","ocean_menu_link_color":"","ocean_menu_link_color_hover":"","ocean_menu_link_color_active":"","ocean_menu_link_background":"","ocean_menu_link_hover_background":"","ocean_menu_link_active_background":"","ocean_menu_social_links_bg":"","ocean_menu_social_hover_links_bg":"","ocean_menu_social_links_color":"","ocean_menu_social_hover_links_color":"","ocean_disable_title":"default","ocean_disable_heading":"on","ocean_post_title":"","ocean_post_subheading":"","ocean_post_title_style":"background-image","ocean_post_title_background_color":"","ocean_post_title_background":1034,"ocean_post_title_bg_image_position":"center center","ocean_post_title_bg_image_attachment":"","ocean_post_title_bg_image_repeat":"","ocean_post_title_bg_image_size":"","ocean_post_title_height":300,"ocean_post_title_bg_overlay":0.5,"ocean_post_title_bg_overlay_color":"","ocean_disable_breadcrumbs":"off","ocean_breadcrumbs_color":"","ocean_breadcrumbs_separator_color":"","ocean_breadcrumbs_links_color":"","ocean_breadcrumbs_links_hover_color":"","ocean_display_footer_widgets":"default","ocean_display_footer_bottom":"default","ocean_custom_footer_template":"","osh_disable_topbar_sticky":"default","osh_disable_header_sticky":"default","osh_sticky_header_style":"default","osh_sticky_header_effect":"","osh_custom_sticky_logo":0,"osh_custom_retina_sticky_logo":0,"osh_custom_sticky_logo_height":0,"osh_background_color":"","osh_links_color":"","osh_links_hover_color":"","osh_links_active_color":"","osh_links_bg_color":"","osh_links_hover_bg_color":"","osh_links_active_bg_color":"","osh_menu_social_links_color":"","osh_menu_social_hover_links_color":"","footnotes":""},"class_list":["post-420","page","type-page","status-publish","hentry","entry"],"_links":{"self":[{"href":"https:\/\/www.mphengenharia.com.br\/index.php?rest_route=\/wp\/v2\/pages\/420","targetHints":{"allow":["GET"]}}],"collection":[{"href":"https:\/\/www.mphengenharia.com.br\/index.php?rest_route=\/wp\/v2\/pages"}],"about":[{"href":"https:\/\/www.mphengenharia.com.br\/index.php?rest_route=\/wp\/v2\/types\/page"}],"author":[{"embeddable":true,"href":"https:\/\/www.mphengenharia.com.br\/index.php?rest_route=\/wp\/v2\/users\/1"}],"replies":[{"embeddable":true,"href":"https:\/\/www.mphengenharia.com.br\/index.php?rest_route=%2Fwp%2Fv2%2Fcomments&post=420"}],"version-history":[{"count":127,"href":"https:\/\/www.mphengenharia.com.br\/index.php?rest_route=\/wp\/v2\/pages\/420\/revisions"}],"predecessor-version":[{"id":2644,"href":"https:\/\/www.mphengenharia.com.br\/index.php?rest_route=\/wp\/v2\/pages\/420\/revisions\/2644"}],"wp:attachment":[{"href":"https:\/\/www.mphengenharia.com.br\/index.php?rest_route=%2Fwp%2Fv2%2Fmedia&parent=420"}],"curies":[{"name":"wp","href":"https:\/\/api.w.org\/{rel}","templated":true}]}}